{"id":89,"date":"2025-03-18T10:54:08","date_gmt":"2025-03-18T10:54:08","guid":{"rendered":"https:\/\/kwojciechowska.ksr.zgo.pl\/?page_id=89"},"modified":"2025-03-27T08:33:05","modified_gmt":"2025-03-27T08:33:05","slug":"kontakt","status":"publish","type":"page","link":"https:\/\/kwojciechowska.ksr.zgo.pl\/index.php\/kontakt\/","title":{"rendered":"kontakt"},"content":{"rendered":"\t\t<div data-elementor-type=\"wp-page\" data-elementor-id=\"89\" class=\"elementor elementor-89\">\n\t\t\t\t<div class=\"elementor-element elementor-element-1af65a4 e-flex e-con-boxed e-con e-parent\" data-id=\"1af65a4\" data-element_type=\"container\">\n\t\t\t\t\t<div class=\"e-con-inner\">\n\t\t\t\t<div class=\"elementor-element elementor-element-94bd4e1 elementor-widget elementor-widget-text-editor\" data-id=\"94bd4e1\" data-element_type=\"widget\" data-widget_type=\"text-editor.default\">\n\t\t\t\t<div class=\"elementor-widget-container\">\n\t\t\t\t\t\t\t\t\t<p>Komornik S\u0105dowy przy S\u0105dzie Rejonowym w \u015aremie <br \/>Kancelaria Komornicza Nr VI w \u015aremie<br \/><strong>Karolina Wojciechowska<br \/><\/strong>ul. Topazowa 21\/2<br \/>63-100 Zbrudzewo<br \/>tel. <strong>61 6233090<\/strong>, e-mail: <strong><a href=\"e-mail:%20srem.wojciechowska@komornik.pl\">srem.wojciechowska@komornik.pl<\/a>\u00a0<\/strong><\/p>\t\t\t\t\t\t\t\t<\/div>\n\t\t\t\t<\/div>\n\t\t\t\t\t<\/div>\n\t\t\t\t<\/div>\n\t\t<div class=\"elementor-element elementor-element-7a8741e e-flex e-con-boxed e-con e-parent\" data-id=\"7a8741e\" data-element_type=\"container\">\n\t\t\t\t\t<div class=\"e-con-inner\">\n\t\t\t\t<div class=\"elementor-element elementor-element-fd0239f elementor-widget elementor-widget-text-editor\" data-id=\"fd0239f\" data-element_type=\"widget\" data-widget_type=\"text-editor.default\">\n\t\t\t\t<div class=\"elementor-widget-container\">\n\t\t\t\t\t\t\t\t\t<p><span style=\"caret-color: #000000; color: #000000; text-align: center;\">EPU ID: 3405<\/span><span style=\"caret-color: #000000; color: #000000; text-align: center;\">\u00a0 \u00a0ePUAP: \/KS_Wojciechowska\/ezbiegi<\/span><\/p>\t\t\t\t\t\t\t\t<\/div>\n\t\t\t\t<\/div>\n\t\t\t\t\t<\/div>\n\t\t\t\t<\/div>\n\t\t<div class=\"elementor-element elementor-element-8a03900 e-flex e-con-boxed e-con e-parent\" data-id=\"8a03900\" data-element_type=\"container\">\n\t\t\t\t\t<div class=\"e-con-inner\">\n\t\t\t\t<div class=\"elementor-element elementor-element-79e0f13 elementor-widget elementor-widget-text-editor\" data-id=\"79e0f13\" data-element_type=\"widget\" data-widget_type=\"text-editor.default\">\n\t\t\t\t<div class=\"elementor-widget-container\">\n\t\t\t\t\t\t\t\t\t<p>BNP Paribas Bank Polska SA<br \/><strong>11 16001462 1712 8566 2000 0001<\/strong><br \/><small>W tytule przelewu prosz\u0119 wpisa\u0107 imi\u0119 i nazwisko d\u0142u\u017cnika oraz sygnatur\u0119 Km.<\/small><\/p>\t\t\t\t\t\t\t\t<\/div>\n\t\t\t\t<\/div>\n\t\t\t\t\t<\/div>\n\t\t\t\t<\/div>\n\t\t<div class=\"elementor-element elementor-element-d291734 e-flex e-con-boxed e-con e-parent\" data-id=\"d291734\" data-element_type=\"container\">\n\t\t\t\t\t<div class=\"e-con-inner\">\n\t\t<div class=\"elementor-element elementor-element-ff8ed0d e-con-full e-flex e-con e-child\" data-id=\"ff8ed0d\" data-element_type=\"container\">\n\t\t\t\t<div class=\"elementor-element elementor-element-b6e6062 elementor-widget-divider--view-line elementor-widget elementor-widget-divider\" data-id=\"b6e6062\" data-element_type=\"widget\" data-widget_type=\"divider.default\">\n\t\t\t\t<div class=\"elementor-widget-container\">\n\t\t\t\t\t\t\t<div class=\"elementor-divider\">\n\t\t\t<span class=\"elementor-divider-separator\">\n\t\t\t\t\t\t<\/span>\n\t\t<\/div>\n\t\t\t\t\t\t<\/div>\n\t\t\t\t<\/div>\n\t\t\t\t<\/div>\n\t\t\t\t<div class=\"elementor-element elementor-element-7ffb470 elementor-widget elementor-widget-text-editor\" data-id=\"7ffb470\" data-element_type=\"widget\" data-widget_type=\"text-editor.default\">\n\t\t\t\t<div class=\"elementor-widget-container\">\n\t\t\t\t\t\t\t\t\t<p>GODZINY PRACY<br \/>poniedzia\u0142ek \u2013 pi\u0105tek: <strong>08:00<\/strong> \u2013 <strong>15:00<\/strong><br \/>Godziny przyj\u0119\u0107 interesant\u00f3w: <strong>wtorek<\/strong> <strong>08:00<\/strong> \u2013 <strong>16:00<\/strong><\/p>\t\t\t\t\t\t\t\t<\/div>\n\t\t\t\t<\/div>\n\t\t\t\t\t<\/div>\n\t\t\t\t<\/div>\n\t\t<div class=\"elementor-element elementor-element-4c26df5 e-flex e-con-boxed e-con e-parent\" data-id=\"4c26df5\" data-element_type=\"container\">\n\t\t\t\t\t<div class=\"e-con-inner\">\n\t\t\t\t<div class=\"elementor-element elementor-element-392a40a elementor-widget elementor-widget-shortcode\" data-id=\"392a40a\" data-element_type=\"widget\" data-widget_type=\"shortcode.default\">\n\t\t\t\t<div class=\"elementor-widget-container\">\n\t\t\t\t\t\t\t<div class=\"elementor-shortcode\">\n<div class=\"wpcf7 no-js\" id=\"wpcf7-f120-o1\" lang=\"pl-PL\" dir=\"ltr\" data-wpcf7-id=\"120\">\n<div class=\"screen-reader-response\"><p role=\"status\" aria-live=\"polite\" aria-atomic=\"true\"><\/p> <ul><\/ul><\/div>\n<form action=\"\/index.php\/wp-json\/wp\/v2\/pages\/89#wpcf7-f120-o1\" method=\"post\" class=\"wpcf7-form init\" aria-label=\"Formularz kontaktowy\" novalidate=\"novalidate\" data-status=\"init\">\n<div style=\"display: none;\">\n<input type=\"hidden\" name=\"_wpcf7\" value=\"120\" \/>\n<input type=\"hidden\" name=\"_wpcf7_version\" value=\"6.0.5\" \/>\n<input type=\"hidden\" name=\"_wpcf7_locale\" value=\"pl_PL\" \/>\n<input type=\"hidden\" name=\"_wpcf7_unit_tag\" value=\"wpcf7-f120-o1\" \/>\n<input type=\"hidden\" name=\"_wpcf7_container_post\" value=\"0\" \/>\n<input type=\"hidden\" name=\"_wpcf7_posted_data_hash\" value=\"\" \/>\n<\/div>\n<div style=\"display: flex; gap: 10px;\">\n\t<div style=\"flex: 1;\">\n\t\t<p><span class=\"wpcf7-form-control-wrap\" data-name=\"name\"><input size=\"40\" maxlength=\"400\" class=\"wpcf7-form-control wpcf7-text wpcf7-validates-as-required\" id=\"name\" aria-required=\"true\" aria-invalid=\"false\" placeholder=\"Imi\u0119 i nazwisko\" value=\"\" type=\"text\" name=\"name\" \/><\/span>\n\t\t<\/p>\n\t<\/div>\n\t<div style=\"flex: 1;\">\n\t\t<p><span class=\"wpcf7-form-control-wrap\" data-name=\"email\"><input size=\"40\" maxlength=\"400\" class=\"wpcf7-form-control wpcf7-email wpcf7-validates-as-required wpcf7-text wpcf7-validates-as-email\" id=\"email\" aria-required=\"true\" aria-invalid=\"false\" placeholder=\"Email\" value=\"\" type=\"email\" name=\"email\" \/><\/span>\n\t\t<\/p>\n\t<\/div>\n<\/div>\n<p><span class=\"wpcf7-form-control-wrap\" data-name=\"message\"><textarea cols=\"40\" rows=\"10\" maxlength=\"2000\" class=\"wpcf7-form-control wpcf7-textarea wpcf7-validates-as-required\" id=\"message\" aria-required=\"true\" aria-invalid=\"false\" placeholder=\"Twoja wiadomo\u015b\u0107\" name=\"message\"><\/textarea><\/span>\n<\/p>\n<div style=\"text-align: right;\">\n\t<p><input class=\"wpcf7-form-control wpcf7-submit has-spinner\" type=\"submit\" value=\"Wy\u015blij wiadomo\u015b\u0107\" \/>\n\t<\/p>\n<\/div>\n<style>\n #name, #email, #message {\n width: 100%;\n padding: 10px;\n border: 1px solid #ccc;\n border-radius: 5px;\n }\n\n #message {\n height: 150px;\n }\n\n input[type=\"submit\"] {\n padding: 10px 20px;\n background-color: #C83226;\n color: white;\n border: none;\n border-radius: 5px;\n cursor: pointer;\n }\n\n input[type=\"submit\"]:hover {\n background-color: #A72B1F;\n }\n<\/style><div class=\"wpcf7-response-output\" aria-hidden=\"true\"><\/div>\n<\/form>\n<\/div>\n<\/div>\n\t\t\t\t\t\t<\/div>\n\t\t\t\t<\/div>\n\t\t\t\t\t<\/div>\n\t\t\t\t<\/div>\n\t\t<div class=\"elementor-element elementor-element-39276a6 e-con-full e-flex e-con e-parent\" data-id=\"39276a6\" data-element_type=\"container\">\n\t\t\t\t<div class=\"elementor-element elementor-element-639f5a7 elementor-widget elementor-widget-google_maps\" data-id=\"639f5a7\" data-element_type=\"widget\" data-widget_type=\"google_maps.default\">\n\t\t\t\t<div class=\"elementor-widget-container\">\n\t\t\t\t\t\t\t<div class=\"elementor-custom-embed\">\n\t\t\t<iframe loading=\"lazy\"\n\t\t\t\t\tsrc=\"https:\/\/maps.google.com\/maps?q=ul.%20Topazowa%2021%2F2%2063-100%20Zbrudzewo&#038;t=m&#038;z=13&#038;output=embed&#038;iwloc=near\"\n\t\t\t\t\ttitle=\"ul. Topazowa 21\/2 63-100 Zbrudzewo\"\n\t\t\t\t\taria-label=\"ul. Topazowa 21\/2 63-100 Zbrudzewo\"\n\t\t\t><\/iframe>\n\t\t<\/div>\n\t\t\t\t\t\t<\/div>\n\t\t\t\t<\/div>\n\t\t\t\t<\/div>\n\t\t\t\t<\/div>\n\t\t","protected":false},"excerpt":{"rendered":"<p>Komornik S\u0105dowy przy S\u0105dzie Rejonowym w \u015aremie Kancelaria Komornicza Nr VI w \u015aremieKarolina Wojciechowskaul. Topazowa 21\/263-100 Zbrudzewotel. 61 6233090, e-mail: srem.wojciechowska@komornik.pl\u00a0 EPU ID: 3405\u00a0 \u00a0ePUAP: \/KS_Wojciechowska\/ezbiegi BNP Paribas Bank Polska SA11 16001462 1712 8566 2000 0001W tytule przelewu prosz\u0119 wpisa\u0107 imi\u0119 i nazwisko d\u0142u\u017cnika oraz sygnatur\u0119 Km. GODZINY PRACYponiedzia\u0142ek \u2013 pi\u0105tek: 08:00 \u2013 15:00Godziny przyj\u0119\u0107 interesant\u00f3w: wtorek 08:00 \u2013 16:00<\/p>\n","protected":false},"author":1,"featured_media":0,"parent":0,"menu_order":0,"comment_status":"closed","ping_status":"closed","template":"elementor_header_footer","meta":{"inline_featured_image":false,"footnotes":""},"class_list":["post-89","page","type-page","status-publish","hentry"],"aioseo_notices":[],"_links":{"self":[{"href":"https:\/\/kwojciechowska.ksr.zgo.pl\/index.php\/wp-json\/wp\/v2\/pages\/89","targetHints":{"allow":["GET"]}}],"collection":[{"href":"https:\/\/kwojciechowska.ksr.zgo.pl\/index.php\/wp-json\/wp\/v2\/pages"}],"about":[{"href":"https:\/\/kwojciechowska.ksr.zgo.pl\/index.php\/wp-json\/wp\/v2\/types\/page"}],"author":[{"embeddable":true,"href":"https:\/\/kwojciechowska.ksr.zgo.pl\/index.php\/wp-json\/wp\/v2\/users\/1"}],"replies":[{"embeddable":true,"href":"https:\/\/kwojciechowska.ksr.zgo.pl\/index.php\/wp-json\/wp\/v2\/comments?post=89"}],"version-history":[{"count":34,"href":"https:\/\/kwojciechowska.ksr.zgo.pl\/index.php\/wp-json\/wp\/v2\/pages\/89\/revisions"}],"predecessor-version":[{"id":232,"href":"https:\/\/kwojciechowska.ksr.zgo.pl\/index.php\/wp-json\/wp\/v2\/pages\/89\/revisions\/232"}],"wp:attachment":[{"href":"https:\/\/kwojciechowska.ksr.zgo.pl\/index.php\/wp-json\/wp\/v2\/media?parent=89"}],"curies":[{"name":"wp","href":"https:\/\/api.w.org\/{rel}","templated":true}]}}