{"id":182,"date":"2025-03-19T10:31:59","date_gmt":"2025-03-19T10:31:59","guid":{"rendered":"https:\/\/kwojciechowska.ksr.zgo.pl\/?page_id=182"},"modified":"2025-03-27T09:40:01","modified_gmt":"2025-03-27T09:40:01","slug":"wplaty","status":"publish","type":"page","link":"https:\/\/kwojciechowska.ksr.zgo.pl\/index.php\/wplaty\/","title":{"rendered":"wp\u0142aty"},"content":{"rendered":"\t\t<div data-elementor-type=\"wp-page\" data-elementor-id=\"182\" class=\"elementor elementor-182\">\n\t\t\t\t<div class=\"elementor-element elementor-element-bce399c e-flex e-con-boxed e-con e-parent\" data-id=\"bce399c\" data-element_type=\"container\">\n\t\t\t\t\t<div class=\"e-con-inner\">\n\t\t\t\t<div class=\"elementor-element elementor-element-03906ad elementor-widget elementor-widget-text-editor\" data-id=\"03906ad\" data-element_type=\"widget\" data-widget_type=\"text-editor.default\">\n\t\t\t\t<div class=\"elementor-widget-container\">\n\t\t\t\t\t\t\t\t\t<p><br \/><strong>Odbiorc\u0105 wp\u0142at got\u00f3wkowych oraz przelew\u00f3w jest<\/strong><br \/><strong>Komornik S\u0105dowy przy S\u0105dzie Rejonowym \u015aremie Karolina Wojciechowska<\/strong><\/p>\t\t\t\t\t\t\t\t<\/div>\n\t\t\t\t<\/div>\n\t\t\t\t\t<\/div>\n\t\t\t\t<\/div>\n\t\t<div class=\"elementor-element elementor-element-2ce5f40 e-flex e-con-boxed e-con e-parent\" data-id=\"2ce5f40\" data-element_type=\"container\">\n\t\t\t\t\t<div class=\"e-con-inner\">\n\t\t<div class=\"elementor-element elementor-element-4d2d795 e-con-full e-flex e-con e-child\" data-id=\"4d2d795\" data-element_type=\"container\">\n\t\t\t\t<div class=\"elementor-element elementor-element-029d146 elementor-view-default elementor-position-top elementor-mobile-position-top elementor-widget elementor-widget-icon-box\" data-id=\"029d146\" data-element_type=\"widget\" data-widget_type=\"icon-box.default\">\n\t\t\t\t<div class=\"elementor-widget-container\">\n\t\t\t\t\t\t\t<div class=\"elementor-icon-box-wrapper\">\n\n\t\t\t\t\t\t<div class=\"elementor-icon-box-icon\">\n\t\t\t\t<span  class=\"elementor-icon\">\n\t\t\t\t<svg xmlns=\"http:\/\/www.w3.org\/2000\/svg\" id=\"Layer_1\" viewBox=\"0 0 512 512\"><g id=\"XMLID_61_\"><path id=\"XMLID_312_\" d=\"m50.4 198h411.1c3.3 0 6-2.7 6-6v-22.4c0-1.9-.9-3.7-2.4-4.8l-205.5-152.6c-2.1-1.6-5.1-1.6-7.2 0l-205.6 152.6c-1.5 1.1-2.4 2.9-2.4 4.8v22.4c0 3.3 2.7 6 6 6z\" fill=\"none\" stroke=\"#000\" stroke-miterlimit=\"10\" stroke-width=\"8\"><\/path><g id=\"XMLID_329_\"><path id=\"XMLID_330_\" d=\"m282.7 134.7-.1.1-19.1-31.1h-7.2v43.1h7.2v-31h.1l19.1 31h7.2v-43.1h-7.2z\"><\/path><path id=\"XMLID_332_\" d=\"m315.4 124.1 16.2-20.3-.1-.1h-8.4l-14.1 18.3h-2.8v-18.3h-7.2v43.1h7.2v-18.6h3.5l14.1 18.6h9.1z\"><\/path><path id=\"XMLID_342_\" d=\"m229.2 103.7-15.1 43.2h7.4l3.3-10.1h15.3l3.3 10.1h7.4l-14.8-43.2zm-2.3 27.1 5.6-17h.2l5.5 17z\"><\/path><path id=\"XMLID_345_\" d=\"m202.3 124.1c1.9-.8 3.4-1.9 4.5-3.5 1.1-1.5 1.6-3.2 1.6-5.1 0-3.9-1.3-6.9-4-8.8-2.7-2-6.4-2.9-11.2-2.9h-14.1v43.2h16.9c4.7 0 8.3-1.1 11-3.2 2.6-2.1 4-5.2 4-9.2 0-2.6-.7-4.9-2.2-6.8-1.6-2.1-3.7-3.3-6.5-3.7zm-16-14.6h6.9c2.6 0 4.6.5 6 1.6s2 2.6 2 4.8c0 1.9-.6 3.4-1.9 4.5s-3.1 1.6-5.3 1.6h-7.7zm15.5 29.9c-1.3 1.1-3.3 1.7-5.7 1.7h-9.7v-13.9h9.5.4c2.4.1 4.2.8 5.6 2 1.3 1.3 2 3 2 5.2-.1 2.2-.8 3.9-2.1 5z\"><\/path><\/g><g fill=\"none\" stroke=\"#000\" stroke-miterlimit=\"10\" stroke-width=\"8\"><path id=\"XMLID_309_\" d=\"m473.3 473.6h-434.6c-3.3 0-6 2.7-6 6v15.4c0 3.3 2.7 6 6 6h434.6c3.3 0 6-2.7 6-6v-15.3c0-3.4-2.7-6.1-6-6.1z\"><\/path><path id=\"XMLID_308_\" d=\"m54.1 432.1v15.3c0 3.3 2.7 6 6 6h391.7c3.3 0 6-2.7 6-6v-15.3c0-3.3-2.7-6-6-6h-391.6c-3.4-.1-6.1 2.6-6.1 6z\"><\/path><g id=\"XMLID_23_\"><path id=\"XMLID_307_\" d=\"m376.3 393.1c-1.7 0-3.1 1.4-3.1 3.1v9.1c0 1.7 1.4 3.1 3.1 3.1h54.5c1.7 0 3.1-1.4 3.1-3.1v-9.1c0-1.7-1.4-3.1-3.1-3.1h-5.4v-162h5.4c1.7 0 3.1-1.4 3.1-3.1v-9.1c0-1.7-1.4-3.1-3.1-3.1h-54.5c-1.7 0-3.1 1.4-3.1 3.1v9.1c0 1.7 1.4 3.1 3.1 3.1h5.4v161.9h-5.4z\"><\/path><path id=\"XMLID_306_\" d=\"m277.9 393.1c-1.7 0-3.1 1.4-3.1 3.1v9.1c0 1.7 1.4 3.1 3.1 3.1h54.5c1.7 0 3.1-1.4 3.1-3.1v-9.1c0-1.7-1.4-3.1-3.1-3.1h-5.4v-162h5.4c1.7 0 3.1-1.4 3.1-3.1v-9.1c0-1.7-1.4-3.1-3.1-3.1h-54.5c-1.7 0-3.1 1.4-3.1 3.1v9.1c0 1.7 1.4 3.1 3.1 3.1h5.4v161.9h-5.4z\"><\/path><path id=\"XMLID_304_\" d=\"m179.6 393.1c-1.7 0-3.1 1.4-3.1 3.1v9.1c0 1.7 1.4 3.1 3.1 3.1h54.5c1.7 0 3.1-1.4 3.1-3.1v-9.1c0-1.7-1.4-3.1-3.1-3.1h-5.4v-162h5.4c1.7 0 3.1-1.4 3.1-3.1v-9.1c0-1.7-1.4-3.1-3.1-3.1h-54.5c-1.7 0-3.1 1.4-3.1 3.1v9.1c0 1.7 1.4 3.1 3.1 3.1h5.4v161.9h-5.4z\"><\/path><path id=\"XMLID_291_\" d=\"m81.2 393.1c-1.7 0-3.1 1.4-3.1 3.1v9.1c0 1.7 1.4 3.1 3.1 3.1h54.5c1.7 0 3.1-1.4 3.1-3.1v-9.1c0-1.7-1.4-3.1-3.1-3.1h-5.4v-162h5.4c1.7 0 3.1-1.4 3.1-3.1v-9.1c0-1.7-1.4-3.1-3.1-3.1h-54.5c-1.7 0-3.1 1.4-3.1 3.1v9.1c0 1.7 1.4 3.1 3.1 3.1h5.4v161.9h-5.4z\"><\/path><\/g><path id=\"XMLID_310_\" d=\"m45.8 165.6h420.4\"><\/path><\/g><\/g><\/svg>\t\t\t\t<\/span>\n\t\t\t<\/div>\n\t\t\t\n\t\t\t\t\t\t<div class=\"elementor-icon-box-content\">\n\n\t\t\t\t\n\t\t\t\t\t\t\t\t\t<p class=\"elementor-icon-box-description\">\n\t\t\t\t\t\tBank BNP Paribas S.A.<br \/>\nNumer konta: <b>11 16001462 1712 8566 2000 0001 <\/b>\n<br \/>\n<small>W tytule przelewu prosimy o wpisanie imienia i nazwiska d\u0142u\u017cnika oraz sygnatury sprawy, aby zapewni\u0107 poprawne przypisanie wp\u0142aty.<\/small>\n\t\t\t\t\t<\/p>\n\t\t\t\t\n\t\t\t<\/div>\n\t\t\t\n\t\t<\/div>\n\t\t\t\t\t\t<\/div>\n\t\t\t\t<\/div>\n\t\t\t\t<\/div>\n\t\t<div class=\"elementor-element elementor-element-1439d7e e-con-full e-flex e-con e-child\" data-id=\"1439d7e\" data-element_type=\"container\">\n\t\t\t\t<div class=\"elementor-element elementor-element-28c8cfe elementor-view-default elementor-position-top elementor-mobile-position-top elementor-widget elementor-widget-icon-box\" data-id=\"28c8cfe\" data-element_type=\"widget\" data-widget_type=\"icon-box.default\">\n\t\t\t\t<div class=\"elementor-widget-container\">\n\t\t\t\t\t\t\t<div class=\"elementor-icon-box-wrapper\">\n\n\t\t\t\t\t\t<div class=\"elementor-icon-box-icon\">\n\t\t\t\t<span  class=\"elementor-icon\">\n\t\t\t\t<svg xmlns=\"http:\/\/www.w3.org\/2000\/svg\" id=\"Capa_1\" height=\"512\" viewBox=\"0 0 506.01 506.01\" width=\"512\"><path d=\"m504.605 308.787c-1.371-4.962-3.678-9.562-6.861-13.678-6.336-8.174-15.428-13.196-25.074-14.709 7.154-52.646 5.805-105.915-4.063-158.47-.633-3.369-3.468-5.88-6.889-6.101-14.18-.914-28.39-1.689-42.617-2.351-7.576-31.913-18.495-63.412-32.498-93.712-1.438-3.111-4.797-4.853-8.173-4.228-101.169 18.726-202.149 44.238-300.136 75.828-3.262 1.052-5.396 4.182-5.184 7.603 3.84 61.867 18.979 121.78 44.998 178.072 1.242 2.689 3.924 4.354 6.805 4.354.453 0 .911-.041 1.37-.126 5.184-.961 10.034-1.875 14.658-2.763.234 1.776.502 3.549.756 5.324l-25.54 12.475c-1.822.882-3.612 1.897-5.294 2.999-13.172 8.55-21.376 22.857-22.315 38.336l-9.138 2.532c-.961-2.353-1.928-4.703-2.903-7.047-1.292-3.106-4.502-4.974-7.833-4.564-23.307 2.844-45.224 10.589-65.144 23.019-2.854 1.781-4.173 5.244-3.227 8.473 12.483 42.587 27.455 84.954 44.497 125.926 1.174 2.822 3.924 4.62 6.921 4.62.302 0 .607-.018.912-.055 23.307-2.844 45.224-10.589 65.144-23.019 2.854-1.781 4.173-5.244 3.227-8.473-.409-1.395-.828-2.789-1.242-4.184l27.132-10.037 172.042 20.94c2.312.282 4.629.422 6.942.422 13.127 0 26.082-4.485 36.371-12.746l128.759-103.287c.082-.06.162-.122.241-.186 12.267-9.842 17.511-26.002 13.356-41.187zm-375.294-43.342c-22.967-51.279-36.688-105.586-40.835-161.594 93.764-29.971 190.236-54.344 286.924-72.488 11.839 26.436 21.261 53.763 28.097 81.43-3.48-.139-6.964-.253-10.447-.377-2.68-10.562-5.735-21.126-9.152-31.482-.637-1.931-2.031-3.52-3.862-4.404-1.832-.885-3.943-.986-5.851-.284-.969.356-1.861.635-2.748.857-6.931 1.752-14.129.702-20.266-2.957-6.135-3.658-10.476-9.485-12.227-16.417-.11-.434-.204-.86-.291-1.286-.399-1.954-1.561-3.669-3.228-4.765s-3.701-1.483-5.653-1.076c-15.439 3.222-31.081 6.651-46.488 10.193-4.036.928-6.557 4.953-5.629 8.99s4.953 6.557 8.99 5.629c13.076-3.006 26.321-5.93 39.468-8.714 3.373 8.479 9.405 15.578 17.375 20.33 8.609 5.134 18.551 6.977 28.321 5.315 2.025 6.475 3.896 13.015 5.625 19.564-30.545-.89-61.145-1.212-91.731-.944-12.473-13.775-30.065-19.689-46.723-15.482-9.999 2.523-18.789 8.569-25.126 17.185-20.609.794-41.185 1.84-61.702 3.162-1.178.076-2.277.439-3.25 1 .019-1.757-.071-3.521-.277-5.284 29.343-8.634 59.017-16.749 88.304-24.149 8.078-2.037 14.646-3.661 20.671-5.111 4.027-.969 6.506-5.019 5.537-9.046-.97-4.027-5.021-6.507-9.047-5.537-6.079 1.463-12.697 3.099-20.832 5.15-31.684 8.006-63.812 16.842-95.49 26.262-1.919.571-3.53 1.885-4.475 3.649s-1.145 3.834-.556 5.747c.112.364.218.742.309 1.127.009.039.019.078.028.116 1.752 6.922.702 14.111-2.957 20.244-3.66 6.134-9.49 10.475-16.458 12.234-.857.222-1.794.406-2.784.547-2.014.288-3.824 1.381-5.017 3.029s-1.663 3.71-1.307 5.712c3.887 21.791 9.357 43.443 16.262 64.354.639 1.935 2.037 3.526 3.873 4.408 1.024.492 2.135.74 3.249.74.883 0 1.769-.156 2.612-.47.909-.338 1.838-.629 2.732-.858 1.144-.289 2.297-.496 3.454-.633.069 6.51.258 13.019.585 19.523-.633.22-1.256.517-1.85.937-2.755 1.948-3.853 5.656-2.637 8.797.916 2.366 3.001 4.08 5.431 4.611.281 3.545.601 7.088.96 10.629-3.188.617-6.471 1.242-9.911 1.887zm131.472-154.122c-7.76.148-15.516.334-23.27.556 1.649-.78 3.367-1.406 5.14-1.853 6.015-1.52 12.272-1.002 18.13 1.297zm-127.882 93.137c-4.975-15.91-9.095-32.219-12.291-48.649 9.069-3.072 16.714-9.105 21.851-17.268-3.334 21.757-5.23 43.61-5.664 65.468-1.301.096-2.601.23-3.896.449zm26.066-74.031c98.223-6.085 197.725-6.085 295.939 0 8.767 49.967 9.603 100.55 2.537 150.526-4.282 1.003-8.448 2.734-12.302 5.238l-19.295 12.526c-18.994.947-38.348 1.686-57.576 2.188-4.142.108-7.41 3.552-7.302 7.693.106 4.074 3.441 7.304 7.493 7.304.066 0 .133-.001.199-.002 10.773-.281 21.584-.641 32.354-1.063l-59.59 38.683c-9.137 5.927-20.072 8.167-30.793 6.303l-84.431-14.702 44.681-26.786c.99-.594 1.94-1.229 2.866-1.885 11.045.156 22.152.241 33.259.241 10.554 0 21.103-.07 31.581-.21 4.142-.055 7.454-3.458 7.398-7.6-.055-4.142-3.456-7.482-7.6-7.399-17.052.228-34.29.266-51.434.12 1.714-3.159 3.022-6.509 3.915-9.97 5.536.039 10.923.059 16.07.059 32.736 0 66.052-.695 99.021-2.066 2.005-.083 3.893-.967 5.241-2.452s2.046-3.45 1.936-5.453c-.022-.414-.028-.836-.028-1.258 0-14.744 12-26.74 26.75-26.74.933 0 1.898.053 2.869.157 2.031.218 4.051-.398 5.611-1.704 1.563-1.306 2.525-3.19 2.671-5.221 1.568-22.022 1.568-44.354 0-66.375-.146-2.031-1.108-3.915-2.671-5.221-1.562-1.305-3.581-1.92-5.611-1.703-.971.104-1.937.157-2.869.157-14.75 0-26.75-11.996-26.75-26.74 0-.422.006-.844.028-1.258.11-2.004-.587-3.968-1.936-5.454s-3.236-2.369-5.241-2.452c-32.968-1.371-66.283-2.067-99.021-2.067-32.729 0-66.045.695-99.022 2.067-2.005.083-3.893.967-5.241 2.452-1.349 1.486-2.046 3.45-1.936 5.454.022.414.028.836.028 1.258 0 14.744-11.995 26.74-26.739 26.74-.941 0-1.904-.052-2.862-.156-2.026-.222-4.053.394-5.615 1.7-1.563 1.306-2.528 3.191-2.674 5.223-1.569 22.022-1.569 44.354 0 66.376.146 2.032 1.11 3.917 2.674 5.223 1.563 1.306 3.593 1.921 5.615 1.7 7.369-.798 14.394 1.434 19.798 5.886l-35.101 17.145c-6.458-48.663-5.419-97.862 3.106-146.482zm114.562 83.341c0-21.83 14.987-39.589 33.409-39.589 18.423 0 33.41 17.76 33.41 39.589s-14.987 39.589-33.41 39.589c-18.422-.001-33.409-17.76-33.409-39.589zm33.409 54.588c26.693 0 48.41-24.489 48.41-54.589 0-30.101-21.717-54.589-48.41-54.589s-48.409 24.489-48.409 54.589c0 9.379 2.11 18.213 5.82 25.931-8.556-3.353-18.184-4.017-27.611-1.433-2.629.715-5.223 1.693-7.714 2.908l-23.768 11.609c-7.122-8.069-17.038-13.067-27.865-13.927-.925-16.678-.925-33.499 0-50.177 19.605-1.571 35.431-16.749 38.007-36.057 30.524-1.18 61.285-1.778 91.538-1.778 30.262 0 61.021.598 91.537 1.778 2.577 19.309 18.407 34.487 38.017 36.057.925 16.68.925 33.499 0 50.178-19.609 1.571-35.439 16.749-38.017 36.058-30.518 1.18-61.277 1.778-91.537 1.778-4.768 0-9.753-.018-14.865-.052-.378-4.082-1.337-8.157-2.906-12.112 5.507 2.461 11.499 3.828 17.773 3.828zm-250.502 206.498c-15.186-37.012-28.652-75.125-40.094-113.464 15.09-8.63 31.367-14.381 48.528-17.148 15.185 37.012 28.652 75.125 40.094 113.464-15.09 8.63-31.367 14.381-48.528 17.148zm425.627-136.745c-.071.053-.142.107-.211.163l-128.992 103.472c-8.97 7.201-20.668 10.531-32.108 9.133l-173.85-21.16c-1.188-.144-2.388-.003-3.509.411l-27.999 10.357c-9.031-29.079-19.197-57.972-30.366-86.308l13.02-3.607c3.425-.949 5.713-4.17 5.482-7.715-.807-12.375 5.133-24.243 15.525-30.989 1.172-.767 2.396-1.462 3.661-2.074l112.889-55.139c1.643-.801 3.348-1.445 5.083-1.917 13.009-3.566 26.6 2.237 33.045 14.113 7.414 13.665 2.774 30.629-10.563 38.621l-61.971 37.15c-2.688 1.611-4.09 4.723-3.518 7.803.573 3.081 3.001 5.48 6.088 6.018l104.293 18.16c14.46 2.512 29.205-.507 41.527-8.499l103.723-67.332c10.549-6.856 24.86-4.429 32.571 5.52 1.979 2.56 3.414 5.416 4.258 8.471 2.55 9.316-.62 19.235-8.078 25.348z\"><\/path><path d=\"m223.998 301.521c3.638 5.432 9.598 8.414 15.739 8.414 3.048 0 6.141-.734 9.016-2.268l9.297-4.958c3.655-1.949 5.037-6.492 3.088-10.147-1.948-3.655-6.489-5.038-10.146-3.088l-9.297 4.958c-1.814.968-4.114.415-5.233-1.257-6.227-9.298-8.178-18.786-8.213-18.961-.789-4.056-4.713-6.711-8.774-5.932-4.067.78-6.733 4.711-5.952 8.779.095.503 2.46 12.491 10.475 24.46z\"><\/path><path d=\"m72.955 454.911c3.481 0 6.532-2.473 7.309-5.851 1.519-6.608-6.202-11.611-11.668-7.746-2.756 1.948-3.853 5.656-2.637 8.797 1.109 2.864 3.921 4.8 6.996 4.8z\"><\/path><path d=\"m364.883 58.678c3.481 0 6.532-2.473 7.309-5.851 1.519-6.608-6.202-11.611-11.668-7.746-2.756 1.948-3.853 5.656-2.637 8.797 1.109 2.864 3.921 4.8 6.996 4.8z\"><\/path><path d=\"m114.463 117.945c1.519-6.608-6.202-11.611-11.668-7.746-2.755 1.948-3.853 5.656-2.637 8.797 1.109 2.864 3.921 4.8 6.996 4.8 3.481 0 6.532-2.473 7.309-5.851z\"><\/path><path d=\"m435.495 274.362c-2.756 1.948-3.853 5.656-2.637 8.797 1.109 2.864 3.921 4.8 6.996 4.8 3.481 0 6.532-2.473 7.309-5.851 1.52-6.608-6.202-11.61-11.668-7.746z\"><\/path><path d=\"m439.855 154.57c3.481 0 6.532-2.473 7.309-5.851 1.519-6.608-6.202-11.611-11.668-7.746-2.756 1.948-3.853 5.656-2.637 8.797 1.108 2.864 3.92 4.8 6.996 4.8z\"><\/path><path d=\"m174.027 154.57c3.481 0 6.532-2.473 7.309-5.851 1.519-6.608-6.202-11.611-11.668-7.746-2.756 1.948-3.853 5.656-2.637 8.797 1.108 2.864 3.92 4.8 6.996 4.8z\"><\/path><path d=\"m379.266 221.27h31.924c4.143 0 7.5-3.358 7.5-7.5s-3.357-7.5-7.5-7.5h-31.924c-4.143 0-7.5 3.358-7.5 7.5s3.358 7.5 7.5 7.5z\"><\/path><path d=\"m234.611 206.27h-31.924c-4.143 0-7.5 3.358-7.5 7.5s3.357 7.5 7.5 7.5h31.924c4.143 0 7.5-3.358 7.5-7.5s-3.357-7.5-7.5-7.5z\"><\/path><\/svg>\t\t\t\t<\/span>\n\t\t\t<\/div>\n\t\t\t\n\t\t\t\t\t\t<div class=\"elementor-icon-box-content\">\n\n\t\t\t\t\n\t\t\t\t\t\t\t\t\t<p class=\"elementor-icon-box-description\">\n\t\t\t\t\t\tWp\u0142aty got\u00f3wkowe mo\u017cna r\u00f3wnie\u017c dokona\u0107 osobi\u015bcie w kasie kancelarii, w godzinach urz\u0119dowania: <br>\n\n<b>Poniedzia\u0142ek \u2013 Pi\u0105tek: 08:00 \u2013 15:00<\/b><div><b>wtorek: 08:00 - 16:00<br><\/b>\n\nAdres kancelarii:<br>\n<b>ul. Topazowa 21\/2, 63-100 Zbrudzewo<\/b>\n<\/div>\t\t\t\t\t<\/p>\n\t\t\t\t\n\t\t\t<\/div>\n\t\t\t\n\t\t<\/div>\n\t\t\t\t\t\t<\/div>\n\t\t\t\t<\/div>\n\t\t\t\t<\/div>\n\t\t\t\t\t<\/div>\n\t\t\t\t<\/div>\n\t\t\t\t<\/div>\n\t\t","protected":false},"excerpt":{"rendered":"<p>Odbiorc\u0105 wp\u0142at got\u00f3wkowych oraz przelew\u00f3w jestKomornik S\u0105dowy przy S\u0105dzie Rejonowym \u015aremie Karolina Wojciechowska Bank BNP Paribas S.A. Numer konta: 11 16001462 1712 8566 2000 0001 W tytule przelewu prosimy o wpisanie imienia i nazwiska d\u0142u\u017cnika oraz sygnatury sprawy, aby zapewni\u0107 poprawne przypisanie wp\u0142aty. Wp\u0142aty got\u00f3wkowe mo\u017cna r\u00f3wnie\u017c dokona\u0107 osobi\u015bcie w kasie kancelarii, w godzinach urz\u0119dowania: Poniedzia\u0142ek \u2013 Pi\u0105tek: 08:00 \u2013 15:00wtorek: 08:00 &#8211; 16:00 Adres kancelarii: ul. Topazowa 21\/2, 63-100 Zbrudzewo<\/p>\n","protected":false},"author":1,"featured_media":0,"parent":0,"menu_order":0,"comment_status":"closed","ping_status":"closed","template":"elementor_header_footer","meta":{"inline_featured_image":false,"footnotes":""},"class_list":["post-182","page","type-page","status-publish","hentry"],"aioseo_notices":[],"_links":{"self":[{"href":"https:\/\/kwojciechowska.ksr.zgo.pl\/index.php\/wp-json\/wp\/v2\/pages\/182","targetHints":{"allow":["GET"]}}],"collection":[{"href":"https:\/\/kwojciechowska.ksr.zgo.pl\/index.php\/wp-json\/wp\/v2\/pages"}],"about":[{"href":"https:\/\/kwojciechowska.ksr.zgo.pl\/index.php\/wp-json\/wp\/v2\/types\/page"}],"author":[{"embeddable":true,"href":"https:\/\/kwojciechowska.ksr.zgo.pl\/index.php\/wp-json\/wp\/v2\/users\/1"}],"replies":[{"embeddable":true,"href":"https:\/\/kwojciechowska.ksr.zgo.pl\/index.php\/wp-json\/wp\/v2\/comments?post=182"}],"version-history":[{"count":13,"href":"https:\/\/kwojciechowska.ksr.zgo.pl\/index.php\/wp-json\/wp\/v2\/pages\/182\/revisions"}],"predecessor-version":[{"id":275,"href":"https:\/\/kwojciechowska.ksr.zgo.pl\/index.php\/wp-json\/wp\/v2\/pages\/182\/revisions\/275"}],"wp:attachment":[{"href":"https:\/\/kwojciechowska.ksr.zgo.pl\/index.php\/wp-json\/wp\/v2\/media?parent=182"}],"curies":[{"name":"wp","href":"https:\/\/api.w.org\/{rel}","templated":true}]}}