{"id":154,"date":"2025-03-19T09:32:01","date_gmt":"2025-03-19T09:32:01","guid":{"rendered":"https:\/\/kwojciechowska.ksr.zgo.pl\/?page_id=154"},"modified":"2025-03-24T07:15:38","modified_gmt":"2025-03-24T07:15:38","slug":"wlasciwosc","status":"publish","type":"page","link":"https:\/\/kwojciechowska.ksr.zgo.pl\/index.php\/wlasciwosc\/","title":{"rendered":"W\u0142a\u015bciwo\u015b\u0107"},"content":{"rendered":"\t\t<div data-elementor-type=\"wp-page\" data-elementor-id=\"154\" class=\"elementor elementor-154\">\n\t\t\t\t<div class=\"elementor-element elementor-element-56f0268 e-flex e-con-boxed e-con e-parent\" data-id=\"56f0268\" data-element_type=\"container\">\n\t\t\t\t\t<div class=\"e-con-inner\">\n\t\t\t\t<div class=\"elementor-element elementor-element-cf21506 elementor-widget elementor-widget-text-editor\" data-id=\"cf21506\" data-element_type=\"widget\" data-widget_type=\"text-editor.default\">\n\t\t\t\t<div class=\"elementor-widget-container\">\n\t\t\t\t\t\t\t\t\t<p>Zgodnie z art. 10 ust. 1 ustawy z dnia 22 marca 2018 r. o komornikach s\u0105dowych, Komornik S\u0105dowy Karolina Wojciechowska prowadzi swoj\u0105 dzia\u0142alno\u015b\u0107 na obszarze rewiru komorniczego, kt\u00f3ry odpowiada w\u0142a\u015bciwo\u015bci miejscowej S\u0105du Rejonowego w \u015aremie. Wierzyciele maj\u0105 prawo wyboru komornika dzia\u0142aj\u0105cego na obszarze w\u0142a\u015bciwo\u015bci S\u0105du Apelacyjnego w Poznaniu, gdzie znajduje si\u0119 siedziba kancelarii komornika. Wyj\u0105tkiem od tego wyboru s\u0105 sprawy dotycz\u0105ce:<\/p><p>&#8211; egzekucji z nieruchomo\u015bci<br \/>&#8211; wydania nieruchomo\u015bci<br \/>&#8211; wprowadzenia w posiadanie nieruchomo\u015bci<br \/>&#8211; opr\u00f3\u017cnienia pomieszcze\u0144 (w tym lokali mieszkalnych) z os\u00f3b lub rzeczy<br \/>&#8211; spraw, w kt\u00f3rych przepisy o egzekucji z nieruchomo\u015bci stosuj\u0105 si\u0119 odpowiednio.<\/p><p>W przypadku egzekucji z nieruchomo\u015bci, proces mo\u017ce by\u0107 prowadzony wy\u0142\u0105cznie w granicach rewiru komorniczego Komornika Karoliny Wojciechowskiej.<\/p><p>Obszar w\u0142a\u015bciwo\u015bci S\u0105du Apelacyjnego w Poznaniu, w ramach kt\u00f3rego wierzyciel ma prawo do wyboru komornika, obejmuje nast\u0119puj\u0105ce s\u0105dy:<\/p><p>&#8211; S\u0105d Okr\u0119gowy w Poznaniu<br \/>&#8211; S\u0105d Okr\u0119gowy w Koninie<br \/>&#8211; S\u0105d Okr\u0119gowy w Zielonej G\u00f3rze<\/p><p>oraz podleg\u0142e im s\u0105dy rejonowe.<\/p>\t\t\t\t\t\t\t\t<\/div>\n\t\t\t\t<\/div>\n\t\t\t\t\t<\/div>\n\t\t\t\t<\/div>\n\t\t<div class=\"elementor-element elementor-element-aec4a3d e-flex e-con-boxed e-con e-parent\" data-id=\"aec4a3d\" data-element_type=\"container\">\n\t\t\t\t\t<div class=\"e-con-inner\">\n\t\t\t\t<div class=\"elementor-element elementor-element-23a5a57 elementor-widget elementor-widget-text-editor\" data-id=\"23a5a57\" data-element_type=\"widget\" data-widget_type=\"text-editor.default\">\n\t\t\t\t<div class=\"elementor-widget-container\">\n\t\t\t\t\t\t\t\t\t<p><strong>W\u0142a\u015bciwo\u015b\u0107 miejscowa (obszar dzia\u0142ania komornika):<\/strong><\/p><div class=\"swfcontainer\"><p><strong>Miasto i Gmina \u015arem (63-100)<\/strong><\/p><p><strong>Miejscowo\u015bci:<\/strong>\u00a0Barbarki, Binkowo, B\u0142ociszewo, Bodzyniewo, Borgowo, Bystrzek, Dalewo, D\u0105browa, Dobczyn, Gaj, Grobelka, Grodzewo, Grzymys\u0142aw, G\u00f3ra, Jele\u0144czewo, Kadzewo, Kaleje, Kawcze, Krzy\u017canowo, Luciny, \u0141\u0119g, Marianowo, Marszewo, Mateuszewo, Mechlin, M\u00f3rka, Nies\u0142abin, Nochowo, Noch\u00f3wko, Olsza, Ostrowo, Pe\u0142czyn, Psarskie, Puco\u0142owo, Pysz\u0105ca, Sosnowiec, Szymanowo, \u015arem, Tesiny, Wirginowo, Wyrzeka, Zbrudzewo.<\/p><p><strong>Miasto i Gmina Mosina\u00a0(62-050, 62-053, 62-022, 61-160)<\/strong><\/p><p><strong>Miejscowo\u015bci:<\/strong>\u00a0Babki, Baranowo, Baran\u00f3wko, Bogulin, Boles\u0142awiec, Borkowice, Czapury, Daszewice, Dru\u017cyna, Dymaczewo Nowe, Dymaczewo Stare, G\u0142uszyna Le\u015bna, Jeziory, Konstantynowo, Krajkowo, Krosinko, Krosno, Kubalin, Ludwikowo, Mieczewo, Mosina, Nowinki, Pecna, Radzewice, Rogalin, Rogalinek, Sasinowo, Sowiniec, Sowinki, \u015awi\u0105tniki, Wi\u00f3rek, \u017babinko.<\/p><p><strong>Miasto i Gmina Brodnica (63-112)<\/strong><\/p><p><strong>Miejscowo\u015bci:<\/strong>\u00a0Boreczek, Brodnica, Brodniczka, Cha\u0142awy, Esterpole, Grabianowo, Grzybno, G\u00f3rka, I\u0142\u00f3wiec, I\u0142\u00f3wiec Wielki, Jaszkowo, Kopyta, Ludwikowo, Manieczki, Ogieniowo, Piotrowo, Przylepki, Rogaczewo, Sucharzewo, Sulejewo, Szo\u0142dry, Tworzykowo, Zakrzewek, \u017babno, \u017burawiec.<\/p><p><strong>Miasto i Gmina Dolsk (63-140)<\/strong><\/p><p><strong>Miejscowo\u015bci:<\/strong>\u00a0Biedaszkowo, B\u0142a\u017cejewo, Brzednia, Brze\u015bnica, Dolsk, Drzonek, Gajewo, Gawrony, Kadzy\u0144, Kotowo, Ksi\u0119ginki, Lip\u00f3wka, Lubiatowo, Lubiat\u00f3wko, Maliny, Ma\u0142achowo, Mas\u0142owo, Me\u0142pin, Mi\u0119dzych\u00f3d, Miranowo, Mszczyczyn, Nowiec, Nowieczek, Olszyna, Orliniec, Ostrowieczko, Ostrowieczno, Pinka, Podlesie, Pokrzywnica, Rusocin, Tr\u0105binek, Wieszczyczyn, Wygoda.<\/p><p><strong>Miasto i Gmina Ksi\u0105\u017c Wlkp. (63-130)<\/strong><\/p><p><strong>Miejscowo\u015bci:<\/strong>\u00a0Brz\u00f3stownia, Char\u0142ub, Chrz\u0105stowo, Chwa\u0142kowo Ko\u015bcielne, D\u0119bniak, Feliksowo, Gogolewo, Gogolewko, Halin, Jaros\u0142awki, Kie\u0142czyn, Kie\u0142czynek, Ko\u0142acin, Konarskie k. Ksi\u0105\u017ca, Konarzyce, Ksi\u0105\u017c Wlkp., \u0141\u0119\u017cek, \u0141ugi, Mchy, Mi\u0119dzyb\u00f3rz, Obreda, Radoszkowo, Radoszkowo Drugie, Sebastianowo, Sroczewo, \u015awi\u0105czynek, \u015awi\u0105czy\u0144, W\u0142o\u015bciejewice, W\u0142o\u015bciejewki, Zaborowo, Zakrzewice, Zawory.<\/p><\/div>\t\t\t\t\t\t\t\t<\/div>\n\t\t\t\t<\/div>\n\t\t\t\t\t<\/div>\n\t\t\t\t<\/div>\n\t\t\t\t<\/div>\n\t\t","protected":false},"excerpt":{"rendered":"<p>Zgodnie z art. 10 ust. 1 ustawy z dnia 22 marca 2018 r. o komornikach s\u0105dowych, Komornik S\u0105dowy Karolina Wojciechowska prowadzi swoj\u0105 dzia\u0142alno\u015b\u0107 na obszarze rewiru komorniczego, kt\u00f3ry odpowiada w\u0142a\u015bciwo\u015bci miejscowej S\u0105du Rejonowego w \u015aremie. Wierzyciele maj\u0105 prawo wyboru komornika dzia\u0142aj\u0105cego na obszarze w\u0142a\u015bciwo\u015bci S\u0105du Apelacyjnego w Poznaniu, gdzie znajduje si\u0119 siedziba kancelarii komornika. Wyj\u0105tkiem od tego wyboru s\u0105 sprawy dotycz\u0105ce: &#8211; egzekucji z nieruchomo\u015bci&#8211; wydania nieruchomo\u015bci&#8211; wprowadzenia w posiadanie nieruchomo\u015bci&#8211; opr\u00f3\u017cnienia pomieszcze\u0144 (w tym lokali mieszkalnych) z os\u00f3b lub rzeczy&#8211; spraw, w kt\u00f3rych przepisy o egzekucji z nieruchomo\u015bci stosuj\u0105 si\u0119 odpowiednio. W przypadku egzekucji z nieruchomo\u015bci, proces mo\u017ce by\u0107 prowadzony wy\u0142\u0105cznie w granicach rewiru komorniczego Komornika Karoliny Wojciechowskiej. Obszar w\u0142a\u015bciwo\u015bci S\u0105du Apelacyjnego w Poznaniu, w ramach kt\u00f3rego wierzyciel ma prawo do wyboru komornika, obejmuje nast\u0119puj\u0105ce s\u0105dy: &#8211; S\u0105d Okr\u0119gowy w Poznaniu&#8211; S\u0105d Okr\u0119gowy w Koninie&#8211; S\u0105d Okr\u0119gowy w Zielonej G\u00f3rze oraz podleg\u0142e im s\u0105dy rejonowe. W\u0142a\u015bciwo\u015b\u0107 miejscowa (obszar dzia\u0142ania komornika): Miasto i Gmina \u015arem (63-100) Miejscowo\u015bci:\u00a0Barbarki, Binkowo, B\u0142ociszewo, Bodzyniewo, Borgowo, Bystrzek, Dalewo, D\u0105browa, Dobczyn, Gaj, Grobelka, Grodzewo, Grzymys\u0142aw, G\u00f3ra, Jele\u0144czewo, Kadzewo, Kaleje, Kawcze, Krzy\u017canowo, Luciny, \u0141\u0119g, Marianowo, Marszewo, Mateuszewo, Mechlin, M\u00f3rka, Nies\u0142abin, Nochowo, Noch\u00f3wko, Olsza, Ostrowo, Pe\u0142czyn, Psarskie, Puco\u0142owo, Pysz\u0105ca, Sosnowiec, Szymanowo, \u015arem, Tesiny, Wirginowo, Wyrzeka, Zbrudzewo. Miasto i Gmina Mosina\u00a0(62-050, 62-053, 62-022, 61-160) Miejscowo\u015bci:\u00a0Babki, Baranowo, Baran\u00f3wko, Bogulin, Boles\u0142awiec, Borkowice, Czapury, Daszewice, Dru\u017cyna, Dymaczewo Nowe, Dymaczewo Stare, G\u0142uszyna Le\u015bna, Jeziory, Konstantynowo, Krajkowo, Krosinko, Krosno, Kubalin, Ludwikowo, Mieczewo, Mosina, Nowinki, Pecna, Radzewice, Rogalin, Rogalinek, Sasinowo, Sowiniec, Sowinki, \u015awi\u0105tniki, Wi\u00f3rek, \u017babinko. Miasto i Gmina Brodnica (63-112) Miejscowo\u015bci:\u00a0Boreczek, Brodnica, Brodniczka, Cha\u0142awy, Esterpole, Grabianowo, Grzybno, G\u00f3rka, I\u0142\u00f3wiec, I\u0142\u00f3wiec Wielki, Jaszkowo, Kopyta, Ludwikowo, Manieczki, Ogieniowo, Piotrowo, Przylepki, Rogaczewo, Sucharzewo, Sulejewo, Szo\u0142dry, Tworzykowo, Zakrzewek, \u017babno, \u017burawiec. Miasto i Gmina Dolsk (63-140) Miejscowo\u015bci:\u00a0Biedaszkowo, B\u0142a\u017cejewo, Brzednia, Brze\u015bnica, Dolsk, Drzonek, Gajewo, Gawrony, Kadzy\u0144, Kotowo, Ksi\u0119ginki, Lip\u00f3wka, Lubiatowo, Lubiat\u00f3wko, Maliny, Ma\u0142achowo, Mas\u0142owo, Me\u0142pin, Mi\u0119dzych\u00f3d, Miranowo, Mszczyczyn, Nowiec, Nowieczek, Olszyna, Orliniec, Ostrowieczko, Ostrowieczno, Pinka, Podlesie, Pokrzywnica, Rusocin, Tr\u0105binek, Wieszczyczyn, Wygoda. Miasto i Gmina Ksi\u0105\u017c Wlkp. (63-130) Miejscowo\u015bci:\u00a0Brz\u00f3stownia, Char\u0142ub, Chrz\u0105stowo, Chwa\u0142kowo Ko\u015bcielne, D\u0119bniak, Feliksowo, Gogolewo, Gogolewko, Halin, Jaros\u0142awki, Kie\u0142czyn, Kie\u0142czynek, Ko\u0142acin, Konarskie k. Ksi\u0105\u017ca, Konarzyce, Ksi\u0105\u017c Wlkp., \u0141\u0119\u017cek, \u0141ugi, Mchy, Mi\u0119dzyb\u00f3rz, Obreda, Radoszkowo, Radoszkowo Drugie, Sebastianowo, Sroczewo, \u015awi\u0105czynek, \u015awi\u0105czy\u0144, W\u0142o\u015bciejewice, W\u0142o\u015bciejewki, Zaborowo, Zakrzewice, Zawory.<\/p>\n","protected":false},"author":1,"featured_media":0,"parent":0,"menu_order":0,"comment_status":"closed","ping_status":"closed","template":"","meta":{"inline_featured_image":false,"footnotes":""},"class_list":["post-154","page","type-page","status-publish","hentry"],"aioseo_notices":[],"_links":{"self":[{"href":"https:\/\/kwojciechowska.ksr.zgo.pl\/index.php\/wp-json\/wp\/v2\/pages\/154","targetHints":{"allow":["GET"]}}],"collection":[{"href":"https:\/\/kwojciechowska.ksr.zgo.pl\/index.php\/wp-json\/wp\/v2\/pages"}],"about":[{"href":"https:\/\/kwojciechowska.ksr.zgo.pl\/index.php\/wp-json\/wp\/v2\/types\/page"}],"author":[{"embeddable":true,"href":"https:\/\/kwojciechowska.ksr.zgo.pl\/index.php\/wp-json\/wp\/v2\/users\/1"}],"replies":[{"embeddable":true,"href":"https:\/\/kwojciechowska.ksr.zgo.pl\/index.php\/wp-json\/wp\/v2\/comments?post=154"}],"version-history":[{"count":10,"href":"https:\/\/kwojciechowska.ksr.zgo.pl\/index.php\/wp-json\/wp\/v2\/pages\/154\/revisions"}],"predecessor-version":[{"id":221,"href":"https:\/\/kwojciechowska.ksr.zgo.pl\/index.php\/wp-json\/wp\/v2\/pages\/154\/revisions\/221"}],"wp:attachment":[{"href":"https:\/\/kwojciechowska.ksr.zgo.pl\/index.php\/wp-json\/wp\/v2\/media?parent=154"}],"curies":[{"name":"wp","href":"https:\/\/api.w.org\/{rel}","templated":true}]}}